{"id":6075,"date":"2024-02-07T01:40:42","date_gmt":"2024-02-07T01:40:42","guid":{"rendered":"https:\/\/discentersvirtual.edu.co\/co\/producto\/diplomado-entrenador-deportivo\/"},"modified":"2025-04-20T21:29:48","modified_gmt":"2025-04-20T21:29:48","slug":"diplomado-entrenador-deportivo","status":"publish","type":"product","link":"https:\/\/discentersvirtual.edu.co\/co\/programa\/diplomado-entrenador-deportivo\/","title":{"rendered":"Diplomado Entrenador Deportivo"},"content":{"rendered":"<p>PREPARACION FISICA, NUTRICI\u00d3N, SALUD Y REHABILITACI\u00d3N DE LESIONES<br \/>\n\u2022 Nutrici\u00f3n, suplementaci\u00f3n aplicada al ejercicio f\u00edsico y entrenamiento deportivo.<br \/>\n\u2022 Clases practicas: estilos de entrenamiento.<br \/>\n\u2022 Equipos y ayudas terap\u00e9uticas.<br \/>\n\u2022 Lesiones y rehabilitaci\u00f3n deportiva.<br \/>\n\u2022 Actividad f\u00edsica en poblaciones especiales.<br \/>\n\u2022 Capacidades f\u00edsicas y fisiolog\u00eda del ejercicio.<br \/>\n\u2022 Bases anat\u00f3micas, fisiol\u00f3gicas y neuromusculares en el entrenamiento de las habilidades.<\/p>\n","protected":false},"excerpt":{"rendered":"<p>PREPARACION FISICA, NUTRICI\u00d3N, SALUD Y REHABILITACI\u00d3N DE LESIONES \u2022 Nutrici\u00f3n, suplementaci\u00f3n aplicada al ejercicio f\u00edsico y entrenamiento deportivo. \u2022 Clases&#8230;<\/p>\n","protected":false},"featured_media":6025,"comment_status":"open","ping_status":"closed","template":"","meta":[],"product_cat":[61,62],"product_tag":[],"class_list":["post-6075","product","type-product","status-publish","has-post-thumbnail","hentry","product_cat-diplomados","product_cat-tulua"],"yoast_head":"<!-- This site is optimized with the Yoast SEO plugin v22.4 - https:\/\/yoast.com\/wordpress\/plugins\/seo\/ -->\n<title>Diplomado Entrenador Deportivo - Discenters<\/title>\n<meta name=\"robots\" content=\"index, follow, max-snippet:-1, max-image-preview:large, max-video-preview:-1\" \/>\n<link rel=\"canonical\" href=\"https:\/\/discentersvirtual.edu.co\/co\/programa\/diplomado-entrenador-deportivo\/\" \/>\n<meta property=\"og:locale\" content=\"es_ES\" \/>\n<meta property=\"og:type\" content=\"article\" \/>\n<meta property=\"og:title\" content=\"Diplomado Entrenador Deportivo - Discenters\" \/>\n<meta property=\"og:description\" content=\"PREPARACION FISICA, NUTRICI\u00d3N, SALUD Y REHABILITACI\u00d3N DE LESIONES \u2022 Nutrici\u00f3n, suplementaci\u00f3n aplicada al ejercicio f\u00edsico y entrenamiento deportivo. \u2022 Clases...\" \/>\n<meta property=\"og:url\" content=\"https:\/\/discentersvirtual.edu.co\/co\/programa\/diplomado-entrenador-deportivo\/\" \/>\n<meta property=\"og:site_name\" content=\"Discenters\" \/>\n<meta property=\"article:modified_time\" content=\"2025-04-20T21:29:48+00:00\" \/>\n<meta property=\"og:image\" content=\"https:\/\/discentersvirtual.edu.co\/co\/wp-content\/uploads\/2024\/02\/curso-entrenador-deportivo.jpg\" \/>\n\t<meta property=\"og:image:width\" content=\"1200\" \/>\n\t<meta property=\"og:image:height\" content=\"1200\" \/>\n\t<meta property=\"og:image:type\" content=\"image\/jpeg\" \/>\n<meta name=\"twitter:card\" content=\"summary_large_image\" \/>\n<script type=\"application\/ld+json\" class=\"yoast-schema-graph\">{\"@context\":\"https:\/\/schema.org\",\"@graph\":[{\"@type\":\"WebPage\",\"@id\":\"https:\/\/discentersvirtual.edu.co\/co\/programa\/diplomado-entrenador-deportivo\/\",\"url\":\"https:\/\/discentersvirtual.edu.co\/co\/programa\/diplomado-entrenador-deportivo\/\",\"name\":\"Diplomado Entrenador Deportivo - Discenters\",\"isPartOf\":{\"@id\":\"https:\/\/discentersvirtual.edu.co\/co\/#website\"},\"primaryImageOfPage\":{\"@id\":\"https:\/\/discentersvirtual.edu.co\/co\/programa\/diplomado-entrenador-deportivo\/#primaryimage\"},\"image\":{\"@id\":\"https:\/\/discentersvirtual.edu.co\/co\/programa\/diplomado-entrenador-deportivo\/#primaryimage\"},\"thumbnailUrl\":\"https:\/\/discentersvirtual.edu.co\/co\/wp-content\/uploads\/2024\/02\/curso-entrenador-deportivo.jpg\",\"datePublished\":\"2024-02-07T01:40:42+00:00\",\"dateModified\":\"2025-04-20T21:29:48+00:00\",\"breadcrumb\":{\"@id\":\"https:\/\/discentersvirtual.edu.co\/co\/programa\/diplomado-entrenador-deportivo\/#breadcrumb\"},\"inLanguage\":\"es\",\"potentialAction\":[{\"@type\":\"ReadAction\",\"target\":[\"https:\/\/discentersvirtual.edu.co\/co\/programa\/diplomado-entrenador-deportivo\/\"]}]},{\"@type\":\"ImageObject\",\"inLanguage\":\"es\",\"@id\":\"https:\/\/discentersvirtual.edu.co\/co\/programa\/diplomado-entrenador-deportivo\/#primaryimage\",\"url\":\"https:\/\/discentersvirtual.edu.co\/co\/wp-content\/uploads\/2024\/02\/curso-entrenador-deportivo.jpg\",\"contentUrl\":\"https:\/\/discentersvirtual.edu.co\/co\/wp-content\/uploads\/2024\/02\/curso-entrenador-deportivo.jpg\",\"width\":1200,\"height\":1200},{\"@type\":\"BreadcrumbList\",\"@id\":\"https:\/\/discentersvirtual.edu.co\/co\/programa\/diplomado-entrenador-deportivo\/#breadcrumb\",\"itemListElement\":[{\"@type\":\"ListItem\",\"position\":1,\"name\":\"Portada\",\"item\":\"https:\/\/discentersvirtual.edu.co\/co\/\"},{\"@type\":\"ListItem\",\"position\":2,\"name\":\"Tienda\",\"item\":\"https:\/\/discentersvirtual.edu.co\/co\/tienda\/\"},{\"@type\":\"ListItem\",\"position\":3,\"name\":\"Diplomado Entrenador Deportivo\"}]},{\"@type\":\"WebSite\",\"@id\":\"https:\/\/discentersvirtual.edu.co\/co\/#website\",\"url\":\"https:\/\/discentersvirtual.edu.co\/co\/\",\"name\":\"Discenters\",\"description\":\"El Centro del Dise\u00f1o y los Sistemas\",\"publisher\":{\"@id\":\"https:\/\/discentersvirtual.edu.co\/co\/#organization\"},\"potentialAction\":[{\"@type\":\"SearchAction\",\"target\":{\"@type\":\"EntryPoint\",\"urlTemplate\":\"https:\/\/discentersvirtual.edu.co\/co\/?s={search_term_string}\"},\"query-input\":\"required name=search_term_string\"}],\"inLanguage\":\"es\"},{\"@type\":\"Organization\",\"@id\":\"https:\/\/discentersvirtual.edu.co\/co\/#organization\",\"name\":\"Discenters\",\"url\":\"https:\/\/discentersvirtual.edu.co\/co\/\",\"logo\":{\"@type\":\"ImageObject\",\"inLanguage\":\"es\",\"@id\":\"https:\/\/discentersvirtual.edu.co\/co\/#\/schema\/logo\/image\/\",\"url\":\"https:\/\/discentersvirtual.edu.co\/co\/wp-content\/uploads\/2023\/12\/cropped-logo-discenters-web.png\",\"contentUrl\":\"https:\/\/discentersvirtual.edu.co\/co\/wp-content\/uploads\/2023\/12\/cropped-logo-discenters-web.png\",\"width\":250,\"height\":96,\"caption\":\"Discenters\"},\"image\":{\"@id\":\"https:\/\/discentersvirtual.edu.co\/co\/#\/schema\/logo\/image\/\"}}]}<\/script>\n<!-- \/ Yoast SEO plugin. -->","yoast_head_json":{"title":"Diplomado Entrenador Deportivo - Discenters","robots":{"index":"index","follow":"follow","max-snippet":"max-snippet:-1","max-image-preview":"max-image-preview:large","max-video-preview":"max-video-preview:-1"},"canonical":"https:\/\/discentersvirtual.edu.co\/co\/programa\/diplomado-entrenador-deportivo\/","og_locale":"es_ES","og_type":"article","og_title":"Diplomado Entrenador Deportivo - Discenters","og_description":"PREPARACION FISICA, NUTRICI\u00d3N, SALUD Y REHABILITACI\u00d3N DE LESIONES \u2022 Nutrici\u00f3n, suplementaci\u00f3n aplicada al ejercicio f\u00edsico y entrenamiento deportivo. \u2022 Clases...","og_url":"https:\/\/discentersvirtual.edu.co\/co\/programa\/diplomado-entrenador-deportivo\/","og_site_name":"Discenters","article_modified_time":"2025-04-20T21:29:48+00:00","og_image":[{"width":1200,"height":1200,"url":"https:\/\/discentersvirtual.edu.co\/co\/wp-content\/uploads\/2024\/02\/curso-entrenador-deportivo.jpg","type":"image\/jpeg"}],"twitter_card":"summary_large_image","schema":{"@context":"https:\/\/schema.org","@graph":[{"@type":"WebPage","@id":"https:\/\/discentersvirtual.edu.co\/co\/programa\/diplomado-entrenador-deportivo\/","url":"https:\/\/discentersvirtual.edu.co\/co\/programa\/diplomado-entrenador-deportivo\/","name":"Diplomado Entrenador Deportivo - Discenters","isPartOf":{"@id":"https:\/\/discentersvirtual.edu.co\/co\/#website"},"primaryImageOfPage":{"@id":"https:\/\/discentersvirtual.edu.co\/co\/programa\/diplomado-entrenador-deportivo\/#primaryimage"},"image":{"@id":"https:\/\/discentersvirtual.edu.co\/co\/programa\/diplomado-entrenador-deportivo\/#primaryimage"},"thumbnailUrl":"https:\/\/discentersvirtual.edu.co\/co\/wp-content\/uploads\/2024\/02\/curso-entrenador-deportivo.jpg","datePublished":"2024-02-07T01:40:42+00:00","dateModified":"2025-04-20T21:29:48+00:00","breadcrumb":{"@id":"https:\/\/discentersvirtual.edu.co\/co\/programa\/diplomado-entrenador-deportivo\/#breadcrumb"},"inLanguage":"es","potentialAction":[{"@type":"ReadAction","target":["https:\/\/discentersvirtual.edu.co\/co\/programa\/diplomado-entrenador-deportivo\/"]}]},{"@type":"ImageObject","inLanguage":"es","@id":"https:\/\/discentersvirtual.edu.co\/co\/programa\/diplomado-entrenador-deportivo\/#primaryimage","url":"https:\/\/discentersvirtual.edu.co\/co\/wp-content\/uploads\/2024\/02\/curso-entrenador-deportivo.jpg","contentUrl":"https:\/\/discentersvirtual.edu.co\/co\/wp-content\/uploads\/2024\/02\/curso-entrenador-deportivo.jpg","width":1200,"height":1200},{"@type":"BreadcrumbList","@id":"https:\/\/discentersvirtual.edu.co\/co\/programa\/diplomado-entrenador-deportivo\/#breadcrumb","itemListElement":[{"@type":"ListItem","position":1,"name":"Portada","item":"https:\/\/discentersvirtual.edu.co\/co\/"},{"@type":"ListItem","position":2,"name":"Tienda","item":"https:\/\/discentersvirtual.edu.co\/co\/tienda\/"},{"@type":"ListItem","position":3,"name":"Diplomado Entrenador Deportivo"}]},{"@type":"WebSite","@id":"https:\/\/discentersvirtual.edu.co\/co\/#website","url":"https:\/\/discentersvirtual.edu.co\/co\/","name":"Discenters","description":"El Centro del Dise\u00f1o y los Sistemas","publisher":{"@id":"https:\/\/discentersvirtual.edu.co\/co\/#organization"},"potentialAction":[{"@type":"SearchAction","target":{"@type":"EntryPoint","urlTemplate":"https:\/\/discentersvirtual.edu.co\/co\/?s={search_term_string}"},"query-input":"required name=search_term_string"}],"inLanguage":"es"},{"@type":"Organization","@id":"https:\/\/discentersvirtual.edu.co\/co\/#organization","name":"Discenters","url":"https:\/\/discentersvirtual.edu.co\/co\/","logo":{"@type":"ImageObject","inLanguage":"es","@id":"https:\/\/discentersvirtual.edu.co\/co\/#\/schema\/logo\/image\/","url":"https:\/\/discentersvirtual.edu.co\/co\/wp-content\/uploads\/2023\/12\/cropped-logo-discenters-web.png","contentUrl":"https:\/\/discentersvirtual.edu.co\/co\/wp-content\/uploads\/2023\/12\/cropped-logo-discenters-web.png","width":250,"height":96,"caption":"Discenters"},"image":{"@id":"https:\/\/discentersvirtual.edu.co\/co\/#\/schema\/logo\/image\/"}}]}},"jetpack_sharing_enabled":true,"_links":{"self":[{"href":"https:\/\/discentersvirtual.edu.co\/co\/wp-json\/wp\/v2\/product\/6075","targetHints":{"allow":["GET"]}}],"collection":[{"href":"https:\/\/discentersvirtual.edu.co\/co\/wp-json\/wp\/v2\/product"}],"about":[{"href":"https:\/\/discentersvirtual.edu.co\/co\/wp-json\/wp\/v2\/types\/product"}],"replies":[{"embeddable":true,"href":"https:\/\/discentersvirtual.edu.co\/co\/wp-json\/wp\/v2\/comments?post=6075"}],"wp:featuredmedia":[{"embeddable":true,"href":"https:\/\/discentersvirtual.edu.co\/co\/wp-json\/wp\/v2\/media\/6025"}],"wp:attachment":[{"href":"https:\/\/discentersvirtual.edu.co\/co\/wp-json\/wp\/v2\/media?parent=6075"}],"wp:term":[{"taxonomy":"product_cat","embeddable":true,"href":"https:\/\/discentersvirtual.edu.co\/co\/wp-json\/wp\/v2\/product_cat?post=6075"},{"taxonomy":"product_tag","embeddable":true,"href":"https:\/\/discentersvirtual.edu.co\/co\/wp-json\/wp\/v2\/product_tag?post=6075"}],"curies":[{"name":"wp","href":"https:\/\/api.w.org\/{rel}","templated":true}]}}